{"id":622,"date":"2017-08-31T11:08:52","date_gmt":"2017-08-31T09:08:52","guid":{"rendered":"http:\/\/www.swiadectwa.elblag.pl\/pl\/?page_id=622"},"modified":"2017-12-04T10:03:57","modified_gmt":"2017-12-04T09:03:57","slug":"czasy-szkolne","status":"publish","type":"page","link":"http:\/\/www.swiadectwa.elblag.pl\/pl\/?page_id=622","title":{"rendered":"Czasy szkolne"},"content":{"rendered":"<p>Czasy szkolne we wspomnieniach dawnych mieszka\u0144c\u00f3w<\/p>\n<p>Wielkimi krokami zbli\u017ca si\u0119 4 wrze\u015bnia, termin rozpocz\u0119cie roku szkolnego. Jest to \u015bwietna okazja, \u017ceby przypomnie\u0107 jak wygl\u0105da\u0142a szko\u0142a dawniej. Si\u0119gnijmy wi\u0119c do wspomnie\u0144 na ten temat, zebranych w trakcie realizacji projektu \u201e\u015awiadectwa\u201d.<\/p>\n<p>Osoby, kt\u00f3re wzi\u0119\u0142y udzia\u0142 w projekcie \u201e\u015awiadectwa\u201d ch\u0119tnie wspomina\u0142y swoje czasy szkolne, m\u00f3wi\u0142y o dawnych kolegach, nauczycielach, ulubionych przedmiotach oraz zwyczajach zwi\u0105zanych ze szko\u0142\u0105. Z nostalgi\u0105 wspomina\u0142y zw\u0142aszcza sw\u00f3j pierwszy dzie\u0144 w szkole.<\/p>\n<p>Pocz\u0105tek roku szkolnego by\u0142 szczeg\u00f3lnie wa\u017cny, tak zreszt\u0105 jak i obecnie, dla pierwszoklasist\u00f3w. Charakterystycznym zwyczajem, odnotowanym w Niemczech ju\u017c na pocz\u0105tku XIX wieku, wyst\u0119puj\u0105cym r\u00f3wnie\u017c wsp\u00f3\u0142cze\u015bnie w niekt\u00f3rych regionach Polski (na G\u00f3rnym \u015al\u0105sku, w Wielkopolsce, na Warmii i na Kaszubach) by\u0142o obdarowywanie dzieci id\u0105ce pierwszy raz do szko\u0142y tytkami (niem. Schult\u00fcte \u2013 torba szkolna). Te rogi obfito\u015bci &#8211; zwini\u0119te z kartonu w kszta\u0142t sto\u017cka lub ostros\u0142upa, pi\u0119knie ozdobione oraz wype\u0142nione s\u0142odyczami i zabawkami \u2013 mia\u0142y sprawi\u0107 przyjemno\u015b\u0107 a jednocze\u015bnie symbolizowa\u0107 wiedz\u0119, kt\u00f3ra z biegiem lat wzbogaci \u017cycie os\u00f3b j\u0105 zg\u0142\u0119biaj\u0105cych.<\/p>\n<p>Na stronie internetowej \u201e\u015awiadectw\u201d mo\u017cna obejrze\u0107 kilka wzruszaj\u0105cych zdj\u0119\u0107 bohater\u00f3w naszych wywiad\u00f3w z wielkimi tytami<\/p>\n<p><a href=\"http:\/\/www.swiadectwa.elblag.pl\/pl\/wp-content\/uploads\/2015\/08\/1.jpg\" rel=\"lightbox[622]\"><img decoding=\"async\" loading=\"lazy\" class=\"aligncenter size-full wp-image-582\" src=\"http:\/\/www.swiadectwa.elblag.pl\/pl\/wp-content\/uploads\/2015\/08\/1.jpg\" alt=\"1\" width=\"386\" height=\"600\" srcset=\"http:\/\/www.swiadectwa.elblag.pl\/pl\/wp-content\/uploads\/2015\/08\/1.jpg 386w, http:\/\/www.swiadectwa.elblag.pl\/pl\/wp-content\/uploads\/2015\/08\/1-193x300.jpg 193w\" sizes=\"(max-width: 386px) 100vw, 386px\" \/><\/a><\/p>\n<p>Zdj\u0119cie z albumu p. Ute Blume<\/p>\n<p>A teraz zajrzyjmy do ich wspomnie\u0144\u2026<\/p>\n<p>O du\u017cej, wype\u0142nionej smako\u0142ykami tycie wspomina Hans -Joachim Pfau, w\u00f3wczas ucze\u0144 przeznaczonej tylko dla ch\u0142opc\u00f3w Katcholische Adalbertschule \u00a0[parafialna Szko\u0142a Katolicka \u015aw. Wojciecha], przy dzisiejszej ulicy Robotniczej. Opowiada tak\u017ce o nauce pisania na tabliczce \u0142upkowej oraz podr\u0119czniku do nauki abecad\u0142a [*1]\u00a0z kolorowymi, pi\u0119knymi obrazkami, o swoim pierwszym pi\u00f3rniku z kompletem rysik\u00f3w i o\u0142\u00f3wkiem do rysowania. W pierwszej klasie nie by\u0142o wyodr\u0119bnionych przedmiot\u00f3w a nauczyciel przechodzi\u0142 p\u0142ynnie od nauki pisania do prostych zada\u0144 arytmetycznych, od gimnastyki do nauki rysunku. Pod koniec roku uczniowie zaczynali ju\u017c pisa\u0107 i liczy\u0107 w zeszytach szkolnych, jednak w nast\u0119pnej klasie nadal jeszcze pos\u0142ugiwali si\u0119 tabliczkami, doskonal\u0105c umiej\u0119tno\u015b\u0107 kaligrafii. Na przerwach szkolnych dzieci otrzymywa\u0142y kakao i bu\u0142ki \u2013 finansowane przez miasto a dostarczane przez elbl\u0105sk\u0105 mleczarni\u0119 Schr\u00f6ter.\u00a0 Na zako\u0144czenie roku w zwyczaju by\u0142o robienie na schodach szko\u0142y zdj\u0119cia ca\u0142ej klasy wraz z nauczycielk\u0105.<\/p>\n<p><a href=\"http:\/\/www.swiadectwa.elblag.pl\/pl\/wp-content\/uploads\/2015\/08\/2.jpg\" rel=\"lightbox[622]\"><img decoding=\"async\" loading=\"lazy\" class=\"aligncenter size-full wp-image-583\" src=\"http:\/\/www.swiadectwa.elblag.pl\/pl\/wp-content\/uploads\/2015\/08\/2.jpg\" alt=\"2\" width=\"800\" height=\"572\" srcset=\"http:\/\/www.swiadectwa.elblag.pl\/pl\/wp-content\/uploads\/2015\/08\/2.jpg 800w, http:\/\/www.swiadectwa.elblag.pl\/pl\/wp-content\/uploads\/2015\/08\/2-300x214.jpg 300w\" sizes=\"(max-width: 800px) 100vw, 800px\" \/><\/a><\/p>\n<p>Zdj\u0119cie z albumu p. Hansa \u2013 Joachima Pfau<\/p>\n<p>Erwin Mahlau \u2013 w latach 40 &#8211; tych ucze\u0144 wiejskiej szko\u0142y powszechnej w Polder I w pobli\u017cu miejscowo\u015bci Terranova [Nowakowo] pami\u0119ta cz\u0119sto zmieniaj\u0105cych si\u0119, ze wzgl\u0119du na powo\u0142ywanie do wojska, nauczycieli. Z jego s\u0142\u00f3w dowiadujemy si\u0119, \u017ce nauka w pierwszych klasach wiejskiej szko\u0142y powszechnej r\u00f3wnie\u017c polega\u0142a przede wszystkim na nauce podstaw arytmetyki i ojczystego j\u0119zyka (czytanki, wypracowania ) oraz historii. Na zaj\u0119ciach z wychowania fizycznego grano w pi\u0142k\u0119 no\u017cn\u0105 na niewielkim boisku szkolnym, w lecie k\u0105pano si\u0119 w pobliskiej rzece. Podczas, gdy ch\u0142opcy mieli zaj\u0119cia z wychowania fizycznego, dziewcz\u0119ta uczy\u0142y si\u0119 gotowania w kuchni szkolnej. W owych czasach wychowanie w szkole by\u0142o surowe a \u00a0norm\u0105 by\u0142o karanie za przewinienia biciem patykiem po r\u0119kach lub po\u015bladkach, czasem nawet ci\u0105gni\u0119cie za ucho. Do szko\u0142y dzieci wiejskie nierzadko musia\u0142y kilka kilometr\u00f3w doj\u015b\u0107 lub dojecha\u0107 rowerem wiejsk\u0105, nieutwardzon\u0105 drog\u0105. Opr\u00f3cz odrabiania lekcji do ich obowi\u0105zk\u00f3w nale\u017ca\u0142a pomoc w gospodarstwie i na polu. W wiejskiej szkole uczy\u0142o si\u0119 kilkudziesi\u0119cioro dzieci, wszyscy w jednej klasie od pierwszego do \u00f3smego roku nauki. Raz w roku dla uczni\u00f3w a tak\u017ce dla ich rodzin organizowano wycieczki szkolne do Krynicy Morskiej, na pochylnie lub do Kadyn.<\/p>\n<p>Heinrich Lemke, ucz\u0119szczaj\u0105cy do dwuklasowej szko\u0142y podstawowej w Gro\u00df Steinort [Kamionek Wielki] potwierdzi\u0142, \u017ce w pierwszych klasach uczono pisma kaligraficznego (w odr\u00f3\u017cnieniu od p\u00f3\u017aniejszej nauki na Zachodzie pisma drukowanego). Nieodzownym wyposa\u017ceniem ucznia by\u0142a wi\u0119c g\u0105beczka i szmatka do wycierania oraz rysik do pisania na tabliczce a tak\u017ce szkolny elementarz z zadaniami domowymi. Pisano je r\u00f3wnie\u017c na tabliczce, kt\u00f3r\u0105 ostro\u017cnie trzeba by\u0142o pokazywa\u0107 nast\u0119pnego dnia nauczycielowi, by nie zamaza\u0107 pisma.<\/p>\n<p><img decoding=\"async\" loading=\"lazy\" class=\"aligncenter wp-image-584 size-large\" src=\"http:\/\/www.swiadectwa.elblag.pl\/pl\/wp-content\/uploads\/2015\/08\/3-1024x616.jpg\" alt=\"3\" width=\"900\" height=\"541\" srcset=\"http:\/\/www.swiadectwa.elblag.pl\/pl\/wp-content\/uploads\/2015\/08\/3-1024x616.jpg 1024w, http:\/\/www.swiadectwa.elblag.pl\/pl\/wp-content\/uploads\/2015\/08\/3-300x180.jpg 300w, http:\/\/www.swiadectwa.elblag.pl\/pl\/wp-content\/uploads\/2015\/08\/3-1000x601.jpg 1000w, http:\/\/www.swiadectwa.elblag.pl\/pl\/wp-content\/uploads\/2015\/08\/3.jpg 1221w\" sizes=\"(max-width: 900px) 100vw, 900px\" \/><\/p>\n<p>Zdj\u0119cie z albumu p. Heinricha Lemke<\/p>\n<p>Jak ju\u017c wspomniano, w szkole panowa\u0142a dyscyplina wsp\u00f3\u0142cze\u015bnie nam nieznana. Uczniowie musieli siedzie\u0107 prosto, by\u0107 starannie uczesanymi, regularnie sprawdzano im tak\u017ce czysto\u015b\u0107 r\u0105k. W pami\u0119ci Hansa Pfau pozosta\u0142a jego pierwsza nauczycielka \u201edo\u015b\u0107 m\u0142oda, ale bez zahamowa\u0144, je\u015bli nabroili\u015bmy. Mia\u0142a siln\u0105 r\u0119k\u0119.\u201d Winowajc\u0119 wyci\u0105ga\u0142a ona za ucho z \u0142awki , prowadzi\u0142a przed ca\u0142\u0105 klas\u0119, pouczaj\u0105c przy tym o niestosowno\u015bci zachowania i bij\u0105c po d\u0142oni \u00a0kawa\u0142kiem rurki. \u201ePrzy ci\u0119\u017cszych wykroczeniach nale\u017ca\u0142o si\u0119 po\u0142o\u017cy\u0107 przez \u0142awk\u0119 i dostawa\u0142o si\u0119 w po\u015bladki\u201d.[*2]\u00a0 Mimo tej surowej dyscypliny dzieciom zdarza\u0142o si\u0119 jednak robi\u0107 nauczycielom r\u00f3\u017cne psikusy. Mama Marie &#8211; Luise Salden z rozbawieniem opowiada\u0142a jej np. o swoim du\u017cym psie, kt\u00f3ry w\u0119drowa\u0142 za ni\u0105 do szko\u0142y i ku uciesze wszystkich dzieci przeszkadza\u0142 w prowadzeniu zaj\u0119\u0107 a Hans Pfau wspomina\u0142, w jaki spos\u00f3b usi\u0142owa\u0142 unikn\u0105\u0107 obowi\u0105zkowych szczepie\u0144.<\/p>\n<p><a href=\"http:\/\/www.swiadectwa.elblag.pl\/pl\/wp-content\/uploads\/2015\/08\/4.jpg\" rel=\"lightbox[622]\"><img decoding=\"async\" loading=\"lazy\" class=\"aligncenter size-full wp-image-585\" src=\"http:\/\/www.swiadectwa.elblag.pl\/pl\/wp-content\/uploads\/2015\/08\/4.jpg\" alt=\"4\" width=\"988\" height=\"737\" srcset=\"http:\/\/www.swiadectwa.elblag.pl\/pl\/wp-content\/uploads\/2015\/08\/4.jpg 988w, http:\/\/www.swiadectwa.elblag.pl\/pl\/wp-content\/uploads\/2015\/08\/4-300x223.jpg 300w\" sizes=\"(max-width: 988px) 100vw, 988px\" \/><\/a><\/p>\n<p>Zdj\u0119cie z albumu p. Marie-Luise Salden<\/p>\n<p>Po szkole powszechnej m\u0142odzi ludzie cz\u0119sto trafiali do miasta na nauk\u0119 zawodu \u2013 najcz\u0119\u015bciej do szko\u0142y handlowej lub gospodarczej, gdzie nauczano podstaw pracy biurowej lub gospodarstwa domowego. Spo\u015br\u00f3d szk\u00f3\u0142 zawodowych w Elbl\u0105gu w\u015br\u00f3d dziewcz\u0105t popularna by\u0142a szczeg\u00f3lnie Frauenfachschule\/ Madchenberufsschule [Wy\u017csza Szko\u0142a Zawodowa dla Dziewcz\u0105t] na K\u00f6nigsbergerstra\u00dfe 52 [dzisiejszy Zesp\u00f3\u0142 Szk\u00f3\u0142 Gospodarczych przy ul. Kr\u00f3lewieckiej 128], zwana potocznie Klopsakademie [Akademia klopsa]. Jej pocz\u0105tki zwi\u0105zane s\u0105 z otwart\u0105 w 1919 r. przy obecnej ul. Zacisze 11 \u00a0Miejsk\u0105 Szko\u0142\u0105 Zawodow\u0105 dla Dziewcz\u0105t [Stadt Madchenberufs-schule], kszta\u0142c\u0105c\u0105 gospodynie domowe oraz robotnice dla zak\u0142ad\u00f3w us\u0142ugowych oraz drobnych manufaktur dzia\u0142aj\u0105cych w Elbl\u0105gu.\u00a0 Szko\u0142a ta przeniesiona zosta\u0142a p\u00f3\u017aniej na ulic\u0119 Kr\u00f3lewieck\u0105, do budynku zbudowanego w latach 1926 -1929, gdzie mie\u015bci\u0142a si\u0119 jako Pa\u0144stwowa Szko\u0142a Zawodowa Gospodarstwa Domowego dla Dziewcz\u0105t oraz wspomniana ju\u017c Wy\u017csza Szko\u0142a Zawodowa dla Dziewcz\u0105t.<\/p>\n<p><a href=\"http:\/\/www.swiadectwa.elblag.pl\/pl\/wp-content\/uploads\/2015\/08\/5.jpg\" rel=\"lightbox[622]\"><img decoding=\"async\" loading=\"lazy\" class=\"aligncenter size-full wp-image-586\" src=\"http:\/\/www.swiadectwa.elblag.pl\/pl\/wp-content\/uploads\/2015\/08\/5.jpg\" alt=\"5\" width=\"708\" height=\"493\" srcset=\"http:\/\/www.swiadectwa.elblag.pl\/pl\/wp-content\/uploads\/2015\/08\/5.jpg 708w, http:\/\/www.swiadectwa.elblag.pl\/pl\/wp-content\/uploads\/2015\/08\/5-300x208.jpg 300w\" sizes=\"(max-width: 708px) 100vw, 708px\" \/><\/a><\/p>\n<p>Hannedore Holm, wcze\u015bniej uczennica Schichauschule przy dzisiejszej ulicy Robotniczej okre\u015bli\u0142a Klopsakademie, jako \u201eprzygotowanie do ma\u0142\u017ce\u0144stwa, gdzie m\u0142ode panny uczy\u0142y si\u0119 gotowania, prania, prasowania i szycia\u201d. Po roku sp\u0119dzonym w tej szkole Pani Holm uczy\u0142a si\u0119 jeszcze zawodu kre\u015blarki w Zak\u0142adach Schichaua, gdzie p\u00f3\u017aniej pracowa\u0142a a\u017c do zam\u0105\u017cp\u00f3j\u015bcia.<\/p>\n<p>Na nauk\u0119 szycia i haftu, tak wa\u017cn\u0105 dla przysz\u0142ej panny m\u0142odej, dziewcz\u0119ta z Elbl\u0105ga<\/p>\n<p>i okolic, zw\u0142aszcza z tzw. \u201edobrych dom\u00f3w\u201d wybiera\u0142y si\u0119 cz\u0119sto a\u017c do Kr\u00f3lewca. Jak wspomina Marie &#8211; Luise Salden i Sabine Hetz uczono je w domu lub na pensji tak\u017ce literatury i muzyki klasycznej oraz sztuki.<\/p>\n<p>Joachim Schmitz wspomina o czasach szkolnych swojej mamy, kt\u00f3ra po nauce w Trusoschule [obecnie Szko\u0142a Podstawowa nr 4 przy ul. Mickiewicza 41], zbudowanej w latach 1912-1913, ucz\u0119szcza\u0142a do szko\u0142y handlowej a p\u00f3\u017aniej jako praktykantka, nast\u0119pnie jako stenotypistka pracowa\u0142a a\u017c do \u015blubu w biurze m. in. w zak\u0142adach Komnicka i Schichaua. W owym czasie by\u0142o bowiem w zwyczaju, \u017ce po zam\u0105\u017cp\u00f3j\u015bciu dziewcz\u0119ta przestawa\u0142y pracowa\u0107 i zajmowa\u0142y si\u0119 wy\u0142\u0105cznie domem. Joachim Schmitz wspomina tak\u017ce swojego ojca, kt\u00f3ry by\u0142 szanowanym nauczycielem zawodu u Schichaua i ze wzgl\u0119du na wykonywan\u0105 profesj\u0119 wymagano od niego nienagannego zachowania oraz przestrzegania surowych obyczaj\u00f3w. Jako powszechnie znanemu kierownikowi praktyk nie wypada\u0142o mu np. zbyt cz\u0119sto przebywa\u0107 w lokalach gastronomicznych.<\/p>\n<p><a href=\"http:\/\/www.swiadectwa.elblag.pl\/pl\/wp-content\/uploads\/2015\/08\/6.jpg\" rel=\"lightbox[622]\"><img decoding=\"async\" loading=\"lazy\" class=\"aligncenter size-full wp-image-587\" src=\"http:\/\/www.swiadectwa.elblag.pl\/pl\/wp-content\/uploads\/2015\/08\/6.jpg\" alt=\"6\" width=\"712\" height=\"522\" srcset=\"http:\/\/www.swiadectwa.elblag.pl\/pl\/wp-content\/uploads\/2015\/08\/6.jpg 712w, http:\/\/www.swiadectwa.elblag.pl\/pl\/wp-content\/uploads\/2015\/08\/6-300x219.jpg 300w\" sizes=\"(max-width: 712px) 100vw, 712px\" \/><\/a><\/p>\n<p>Najwi\u0119cej o zwyczajach w przedwojennej szkole \u015bredniej mo\u017cemy si\u0119 dowiedzie\u0107 ze wspomnie\u0144 Karla Paetscha. Po czwartej klasie wiejskiej szko\u0142y podstawowej w Fischerkampe [K\u0119pa Rybacka] oraz w Ellerwald 2 [Adamowo], zacz\u0105\u0142 on ucz\u0119szcza\u0107 do m\u0119skiego Reformowanego Gimnazjum Realnego w Elbl\u0105gu, kt\u00f3re w 1931 roku otrzyma\u0142o imi\u0119 Heinricha von Plauen [Reform Real Gymnasium Heinrich von Plauen]. Mie\u015bci\u0142o si\u0119 ono w gmachu \u00a0obecnego Urz\u0119du Miasta Elbl\u0105g przy ul. \u0141\u0105czno\u015bci 1, przeniesione tu z obecnej ul. Wapiennej (budynek internatu), gdzie funkcjonowa\u0142o od 1837 roku.<\/p>\n<p><a href=\"http:\/\/www.swiadectwa.elblag.pl\/pl\/wp-content\/uploads\/2015\/08\/7.jpg\" rel=\"lightbox[622]\"><img decoding=\"async\" loading=\"lazy\" class=\"aligncenter wp-image-588 size-large\" src=\"http:\/\/www.swiadectwa.elblag.pl\/pl\/wp-content\/uploads\/2015\/08\/7-1024x631.jpg\" alt=\"7\" width=\"900\" height=\"554\" srcset=\"http:\/\/www.swiadectwa.elblag.pl\/pl\/wp-content\/uploads\/2015\/08\/7-1024x631.jpg 1024w, http:\/\/www.swiadectwa.elblag.pl\/pl\/wp-content\/uploads\/2015\/08\/7-300x185.jpg 300w, http:\/\/www.swiadectwa.elblag.pl\/pl\/wp-content\/uploads\/2015\/08\/7-1000x616.jpg 1000w, http:\/\/www.swiadectwa.elblag.pl\/pl\/wp-content\/uploads\/2015\/08\/7.jpg 1174w\" sizes=\"(max-width: 900px) 100vw, 900px\" \/><\/a><\/p>\n<p>W gimnazjum w klasach by\u0142o po oko\u0142o 30 uczni\u00f3w ka\u017cdy przedmiot wyk\u0142ada\u0142 ju\u017c inny nauczyciel a czasem zmieniana by\u0142a r\u00f3wnie\u017c sala zaj\u0119\u0107. Uczniowie pochodz\u0105cy z okolicznych teren\u00f3w wiejskich doje\u017cd\u017cali do szko\u0142y rowerami, nierzadko nawet 10 km, czasami w\u0105skotorow\u0105 kolej\u0105 nadzalewow\u0105 (np. z Tolkmicka) a nawet Kolej\u0105 Rzeszy [Reichsbahn] \u00a0z teren\u00f3w jeszcze dalej po\u0142o\u017conych.<\/p>\n<p>W gimnazjum by\u0142y specjalne wydzielone sale, w kt\u00f3rej odbywa\u0142y si\u0119 lekcje geografii oraz chemii, za\u015b lekcje botaniki by\u0142y cz\u0119sto prowadzone w przyszkolnym ogrodzie.<\/p>\n<p>W gabinecie chemicznym przeprowadzano drobne eksperymenty. \u201eBy\u0142o to pomieszczenie, kt\u00f3re odr\u00f3\u017cnia\u0142o si\u0119 od normalnej klasy tym, \u017ce z przodu nie by\u0142o normalnej katedry nauczycielskiej tylko ma\u0142y st\u00f3\u0142 warsztatowy, gdzie mo\u017cna by\u0142o robi\u0107 chemiczne albo fizyczne eksperymenty. Uczniowie siedzieli \u201eschodkowo\u201d tak, \u017ceby ka\u017cdy mia\u0142 widok na ten warsztat\u201d.<\/p>\n<p>Opr\u00f3cz matematyki i j\u0119zyka ojczystego wyk\u0142adano \u0142acin\u0119 i j\u0119zyk angielski. \u201eI chocia\u017c to ju\u017c by\u0142y lata wojenne i Anglicy nie byli z nami zaprzyja\u017anieni to angielski by\u0142 wyk\u0142adany.\u201d<\/p>\n<p>Lekcje muzyki prowadzone by\u0142y przez pedagoga ze szko\u0142y muzycznej w specjalnej sali z fortepianem. Jak wspomina Karl Paetsch polega\u0142y one nie na \u015bpiewaniu konkretnych melodii, tylko na \u017cmudnych \u0107wiczeniach g\u0142osowych.<\/p>\n<p>Zaj\u0119cia gimnastyczne odbywa\u0142y si\u0119 w sali gimnastycznej, bogato wyposa\u017conej w sprz\u0119t sportowy, nieznany dot\u0105d uczniom szko\u0142y podstawowej. By\u0142o to podci\u0105ganie si\u0119 na dr\u0105\u017cku, wspinanie si\u0119 na linie a tak\u017ce inne intensywne i interesuj\u0105ce \u0107wiczenia, zw\u0142aszcza dla ch\u0142opc\u00f3w. Na zaj\u0119ciach z wychowania fizycznego gra\u0142o si\u0119 tak\u017ce w pi\u0142k\u0119. \u201eNie by\u0142o wprawdzie boiska do pi\u0142ki no\u017cnej, jednak mo\u017cna by\u0142o gra\u0107 w dwa\u00a0 ognie a tak\u017ce w\u00a0 r\u00f3\u017cne inne gry z u\u017cyciem pi\u0142ki (wielko\u015bci pi\u0142ki no\u017cnej, ale nieco bardziej mi\u0119kkiej.\u201d<\/p>\n<p>W szkole nie by\u0142o sto\u0142\u00f3wki, ale na dziedzi\u0144cu podczas przerwy sprzedawano mleko, dostarczane za niewielk\u0105 op\u0142at\u0105 przez mleczarni\u0119 Schr\u00f6der z Elbl\u0105ga.<\/p>\n<p>Gimnazjum zosta\u0142a ju\u017c w lecie 1944 przekszta\u0142cona w lazaret i wszyscy uczniowie ze szko\u0142y Heinricha von Plauena musieli uczy\u0107 si\u0119 w systemie zmianowym, tzn. przed &#8211; i popo\u0142udniem w \u017ce\u0144skim liceum, w Auguste Viktoria-Schule [dzisiejsze I Liceum Og\u00f3lnokszta\u0142c\u0105ce przy ul. Pocztowej 2]. W budynku tym, powsta\u0142ym w latach 1873- 1875, mie\u015bci\u0142a si\u0119 Hohere Tochterschulee [Wy\u017csza Szko\u0142a dla Dziewcz\u0105t], a po jej rozbudowie w latach 1911-1912, \u017ce\u0144skie Liceum im. Cesarzowej Augusty Wiktorii<\/p>\n<p>Zmianowo\u015b\u0107 zosta\u0142a wprowadzona dlatego, \u017ce nie mo\u017cna by\u0142o prowadzi\u0107 wtedy zaj\u0119\u0107 jednocze\u015bnie z dziewcz\u0119tami \u2013 w jednym tygodniu ch\u0142opcy byli przedpo\u0142udniem, a dziewczyny popo\u0142udniem, a w kolejnym tygodniu odwrotnie.<\/p>\n<p><a href=\"http:\/\/www.swiadectwa.elblag.pl\/pl\/wp-content\/uploads\/2015\/08\/8.jpg\" rel=\"lightbox[622]\"><img decoding=\"async\" loading=\"lazy\" class=\"aligncenter size-full wp-image-589\" src=\"http:\/\/www.swiadectwa.elblag.pl\/pl\/wp-content\/uploads\/2015\/08\/8.jpg\" alt=\"8\" width=\"691\" height=\"524\" srcset=\"http:\/\/www.swiadectwa.elblag.pl\/pl\/wp-content\/uploads\/2015\/08\/8.jpg 691w, http:\/\/www.swiadectwa.elblag.pl\/pl\/wp-content\/uploads\/2015\/08\/8-300x227.jpg 300w\" sizes=\"(max-width: 691px) 100vw, 691px\" \/><\/a><\/p>\n<p>Wi\u0119cej o tym, gdzie mie\u015bci\u0142y si\u0119 przed wojn\u0105 niekt\u00f3re elbl\u0105skie szko\u0142y przeczyta\u0107 mo\u017cna na stronie:<\/p>\n<p>http:\/\/tomaszstezala.pl\/index.php\/Elbl\u0105gElbing\/edukacja-w-przedwojennym-elbingu.html<\/p>\n<p>http:\/\/info.elblag.pl\/?id=niezbednik_&#038;pid=17&#038;strona=1#ixzz3aDIgE6Qb<\/p>\n<p>oraz w artyku\u0142ach Kazimierza Wajdy &#8211; O\u015bwiata i Kultura, \u201eHistorii Elbl\u0105ga\u201d, t. III, cz. 2, s. 116-157<\/p>\n<p>Marka Andrzejewskiego &#8211; O\u015bwiata i Kultura w \u201eHistorii Elbl\u0105ga\u201d, t. IV., s. 71-78.<br \/>\n[*1]tabliczka \u0142upkowa<br \/>\n[*2]kary w szkole &#8211; szczepienie<\/p>\n","protected":false},"excerpt":{"rendered":"<p>Czasy szkolne we wspomnieniach dawnych mieszka\u0144c\u00f3w Wielkimi krokami zbli\u017ca si\u0119 4 wrze\u015bnia, termin rozpocz\u0119cie roku szkolnego. Jest to \u015bwietna okazja, \u017ceby przypomnie\u0107 jak wygl\u0105da\u0142a szko\u0142a dawniej. Si\u0119gnijmy wi\u0119c do wspomnie\u0144 na ten temat, zebranych w trakcie realizacji projektu \u201e\u015awiadectwa\u201d. Osoby, kt\u00f3re wzi\u0119\u0142y udzia\u0142 w projekcie \u201e\u015awiadectwa\u201d ch\u0119tnie wspomina\u0142y swoje czasy szkolne, m\u00f3wi\u0142y o dawnych kolegach, [&hellip;]<\/p>\n","protected":false},"author":2,"featured_media":0,"parent":15,"menu_order":0,"comment_status":"closed","ping_status":"closed","template":"","meta":{"ngg_post_thumbnail":0},"_links":{"self":[{"href":"http:\/\/www.swiadectwa.elblag.pl\/pl\/index.php?rest_route=\/wp\/v2\/pages\/622"}],"collection":[{"href":"http:\/\/www.swiadectwa.elblag.pl\/pl\/index.php?rest_route=\/wp\/v2\/pages"}],"about":[{"href":"http:\/\/www.swiadectwa.elblag.pl\/pl\/index.php?rest_route=\/wp\/v2\/types\/page"}],"author":[{"embeddable":true,"href":"http:\/\/www.swiadectwa.elblag.pl\/pl\/index.php?rest_route=\/wp\/v2\/users\/2"}],"replies":[{"embeddable":true,"href":"http:\/\/www.swiadectwa.elblag.pl\/pl\/index.php?rest_route=%2Fwp%2Fv2%2Fcomments&post=622"}],"version-history":[{"count":3,"href":"http:\/\/www.swiadectwa.elblag.pl\/pl\/index.php?rest_route=\/wp\/v2\/pages\/622\/revisions"}],"predecessor-version":[{"id":656,"href":"http:\/\/www.swiadectwa.elblag.pl\/pl\/index.php?rest_route=\/wp\/v2\/pages\/622\/revisions\/656"}],"up":[{"embeddable":true,"href":"http:\/\/www.swiadectwa.elblag.pl\/pl\/index.php?rest_route=\/wp\/v2\/pages\/15"}],"wp:attachment":[{"href":"http:\/\/www.swiadectwa.elblag.pl\/pl\/index.php?rest_route=%2Fwp%2Fv2%2Fmedia&parent=622"}],"curies":[{"name":"wp","href":"https:\/\/api.w.org\/{rel}","templated":true}]}}