{"id":11,"date":"2014-11-14T11:35:21","date_gmt":"2014-11-14T10:35:21","guid":{"rendered":"http:\/\/www.swiadectwa.elblag.pl\/pl\/?page_id=11"},"modified":"2014-12-09T09:07:34","modified_gmt":"2014-12-09T08:07:34","slug":"o-projekcie","status":"publish","type":"page","link":"http:\/\/www.swiadectwa.elblag.pl\/pl\/","title":{"rendered":"O projekcie"},"content":{"rendered":"<p><a href=\"wp-content\/uploads\/2014\/10\/plakat-swiadectwa-2014.jpg\" rel=\"lightbox[11]\"><img decoding=\"async\" loading=\"lazy\" class=\"alignleft wp-image-55 size-medium\" src=\"wp-content\/uploads\/2014\/10\/plakat-swiadectwa-2014-209x300.jpg\" alt=\"\u015awiadectwa. Historia w twarzach - twarze w historii\" width=\"209\" height=\"300\" \/><\/a>Projekt \u201e\u015awiadectwa\u201d przewiduje gromadzenie i udost\u0119pnianie wspomnie\u0144 z niemieckimi mieszka\u0144cami Elbl\u0105ga i okolic, kt\u00f3rzy jako dzieci musieli opu\u015bci\u0107 swoje rodzinne strony. W ramach zrealizowanego ju\u017c wcze\u015bniej przez Muzeum Archeologiczno \u2013 Historyczne w Elbl\u0105gu projektu \u201eMuzea ponad granicami\u201d, finansowanego przez Uni\u0119 Europejsk\u0105 ze \u015brodk\u00f3w Litwa \u2013 Polska \u2013 Rosja, pozyskano niezwykle bogate i interesuj\u0105ce materia\u0142y wspomnieniowe. Ukazuj\u0105 one unikalny obraz \u017cycia codziennego okresu przedwojennego, widzianego oczami dzieci. W efekcie powsta\u0142a, wsp\u00f3\u0142finansowana przez wspomniany projekt oraz przez Fundacj\u0119 Wsp\u00f3\u0142pracy Polsko \u2013 Niemieckiej i Gmin\u0119 Miasto Elbl\u0105g wystawa \u201e\u015awiadectwa. Historia w twarzach \u2013 twarze historii\u201d, prezentuj\u0105ca fragmenty wspomnie\u0144, zdj\u0119cia archiwalne oraz pami\u0105tki rodzinne. Partnerem muzeum w projekcie \u201e\u015awiadectwa\u201d jest Elbing Club Pangritz Kolonie e.V, z siedzib\u0105 w M\u00fcnchen, stowarzyszenie zrzeszaj\u0105ce przedwojennych mieszka\u0144c\u00f3w Elbl\u0105ga oraz powiatu ziemskiego.<br \/>\nZadaniem strony internetowej projektu, zrealizowanej ze \u015brodk\u00f3w Fundacji Wsp\u00f3\u0142pracy Polsko \u2013 Niemieckiej jest m. in. promowanie prezentowanej w muzeum ekspozycji oraz prezentowanie pozyskanych dotychczas materia\u0142\u00f3w. Realizatorom projektu chodzi jednak przede wszystkim o pozyskiwanie za pomoc\u0105 specjalnie opracowanej ankiety kolejnych relacji dawnych mieszka\u0144c\u00f3w Prus Zachodnich oraz prezentowanie ich naukowych opracowa\u0144.<\/p>\n","protected":false},"excerpt":{"rendered":"<p>Projekt \u201e\u015awiadectwa\u201d przewiduje gromadzenie i udost\u0119pnianie wspomnie\u0144 z niemieckimi mieszka\u0144cami Elbl\u0105ga i okolic, kt\u00f3rzy jako dzieci musieli opu\u015bci\u0107 swoje rodzinne strony. W ramach zrealizowanego ju\u017c wcze\u015bniej przez Muzeum Archeologiczno \u2013 Historyczne w Elbl\u0105gu projektu \u201eMuzea ponad granicami\u201d, finansowanego przez Uni\u0119 Europejsk\u0105 ze \u015brodk\u00f3w Litwa \u2013 Polska \u2013 Rosja, pozyskano niezwykle bogate i interesuj\u0105ce materia\u0142y wspomnieniowe. [&hellip;]<\/p>\n","protected":false},"author":2,"featured_media":0,"parent":0,"menu_order":0,"comment_status":"closed","ping_status":"closed","template":"","meta":{"ngg_post_thumbnail":0},"_links":{"self":[{"href":"http:\/\/www.swiadectwa.elblag.pl\/pl\/index.php?rest_route=\/wp\/v2\/pages\/11"}],"collection":[{"href":"http:\/\/www.swiadectwa.elblag.pl\/pl\/index.php?rest_route=\/wp\/v2\/pages"}],"about":[{"href":"http:\/\/www.swiadectwa.elblag.pl\/pl\/index.php?rest_route=\/wp\/v2\/types\/page"}],"author":[{"embeddable":true,"href":"http:\/\/www.swiadectwa.elblag.pl\/pl\/index.php?rest_route=\/wp\/v2\/users\/2"}],"replies":[{"embeddable":true,"href":"http:\/\/www.swiadectwa.elblag.pl\/pl\/index.php?rest_route=%2Fwp%2Fv2%2Fcomments&post=11"}],"version-history":[{"count":4,"href":"http:\/\/www.swiadectwa.elblag.pl\/pl\/index.php?rest_route=\/wp\/v2\/pages\/11\/revisions"}],"predecessor-version":[{"id":545,"href":"http:\/\/www.swiadectwa.elblag.pl\/pl\/index.php?rest_route=\/wp\/v2\/pages\/11\/revisions\/545"}],"wp:attachment":[{"href":"http:\/\/www.swiadectwa.elblag.pl\/pl\/index.php?rest_route=%2Fwp%2Fv2%2Fmedia&parent=11"}],"curies":[{"name":"wp","href":"https:\/\/api.w.org\/{rel}","templated":true}]}}