{"id":514,"date":"2014-11-27T13:22:50","date_gmt":"2014-11-27T12:22:50","guid":{"rendered":"http:\/\/www.swiadectwa.elblag.pl\/de\/?page_id=514"},"modified":"2014-12-08T15:15:12","modified_gmt":"2014-12-08T14:15:12","slug":"karin-malcher-z-domu-zimmer-ur-w-1940-r-w-elblagu","status":"publish","type":"page","link":"http:\/\/www.swiadectwa.elblag.pl\/de\/?page_id=514","title":{"rendered":"Karin Malcher (geb.  Zimmer), geboren im Jahre 1940 in Elbing"},"content":{"rendered":"<p>            \n\t\t<div class=\"ngg-gallery-singlepic-image ngg-left\" style=\"\">\n\t\t\t    \t<a href=\"http:\/\/www.swiadectwa.elblag.pl\/de\/wp-content\/gallery\/swiadkowie\/Zdj%C4%99cie-Karin-Malcher.jpg\"\n\t\t     title=\"\"\n             data-src=\"http:\/\/www.swiadectwa.elblag.pl\/de\/wp-content\/gallery\/swiadkowie\/Zdj%C4%99cie-Karin-Malcher.jpg\"\n             data-thumbnail=\"http:\/\/www.swiadectwa.elblag.pl\/de\/wp-content\/gallery\/swiadkowie\/thumbs\/thumbs_Zdj%C4%99cie-Karin-Malcher.jpg\"\n             data-image-id=\"166\"\n             data-title=\"Karin Malcher\"\n             data-description=\"\"\n             target='_self'\n             class=\"ngg-fancybox\" rel=\"35e56087011dd719d85e2e404b00c686\">\n            <img class=\"ngg-singlepic\"\n             src=\"http:\/\/www.swiadectwa.elblag.pl\/de\/wp-content\/gallery\/swiadkowie\/cache\/Zdj%C4%99cie-Karin-Malcher.jpg-nggid03166-ngg0dyn-0x0x100-00f0w010c010r110f110r010t010.jpg\"\n             alt=\"Karin Malcher\"\n             title=\"Karin Malcher\"\n                           \/>\n    \t<\/a>\n\t\t      <\/div>\n        Meine Eltern sind 1937 berufsbedingt von Deutsch Eylau Kr. Rosenberg i. Westpr. (heute Ilawa) nach Elbing i. Westpr. (heute Elblag) gekommen. Sie zogen in die im ersten Stock gelegene Wohnung des Mehrfamilienhauses in der Langemarckstra\u00dfe (heute Jana Amosa Komenskiego). Die Gemeinn\u00fctzige Bau- und Siedlungsgesellschaft Elbing, an der mein Vater mehrere Genossenschaftsanteile besa\u00df, hatte ihren Sitz seinerzeit in der Fichtestra\u00dfe Nr. 18 (heute Fryderika Chopina). Zu meiner Gro\u00dfmutter, die damals in Gro\u00df Sch\u00f6nforst Kr. Rosenberg i. Westpr. (heute Kalduny) lebte, fuhren wir oft mit dem Auto meines Vaters.<\/p>\n","protected":false},"excerpt":{"rendered":"<p>Meine Eltern sind 1937 berufsbedingt von Deutsch Eylau Kr. Rosenberg i. Westpr. (heute Ilawa) nach Elbing i. Westpr. (heute Elblag) gekommen. Sie zogen in die im ersten Stock gelegene Wohnung des Mehrfamilienhauses in der Langemarckstra\u00dfe (heute Jana Amosa Komenskiego). Die Gemeinn\u00fctzige Bau- und Siedlungsgesellschaft Elbing, an der mein Vater mehrere Genossenschaftsanteile besa\u00df, hatte ihren Sitz [&hellip;]<\/p>\n","protected":false},"author":2,"featured_media":0,"parent":13,"menu_order":0,"comment_status":"closed","ping_status":"closed","template":"","meta":{"ngg_post_thumbnail":0},"_links":{"self":[{"href":"http:\/\/www.swiadectwa.elblag.pl\/de\/index.php?rest_route=\/wp\/v2\/pages\/514"}],"collection":[{"href":"http:\/\/www.swiadectwa.elblag.pl\/de\/index.php?rest_route=\/wp\/v2\/pages"}],"about":[{"href":"http:\/\/www.swiadectwa.elblag.pl\/de\/index.php?rest_route=\/wp\/v2\/types\/page"}],"author":[{"embeddable":true,"href":"http:\/\/www.swiadectwa.elblag.pl\/de\/index.php?rest_route=\/wp\/v2\/users\/2"}],"replies":[{"embeddable":true,"href":"http:\/\/www.swiadectwa.elblag.pl\/de\/index.php?rest_route=%2Fwp%2Fv2%2Fcomments&post=514"}],"version-history":[{"count":2,"href":"http:\/\/www.swiadectwa.elblag.pl\/de\/index.php?rest_route=\/wp\/v2\/pages\/514\/revisions"}],"predecessor-version":[{"id":591,"href":"http:\/\/www.swiadectwa.elblag.pl\/de\/index.php?rest_route=\/wp\/v2\/pages\/514\/revisions\/591"}],"up":[{"embeddable":true,"href":"http:\/\/www.swiadectwa.elblag.pl\/de\/index.php?rest_route=\/wp\/v2\/pages\/13"}],"wp:attachment":[{"href":"http:\/\/www.swiadectwa.elblag.pl\/de\/index.php?rest_route=%2Fwp%2Fv2%2Fmedia&parent=514"}],"curies":[{"name":"wp","href":"https:\/\/api.w.org\/{rel}","templated":true}]}}